{"id":3723,"date":"2022-11-29T17:54:12","date_gmt":"2022-11-29T17:54:12","guid":{"rendered":"https:\/\/sige-bs.com\/politica-de-privacitat\/"},"modified":"2022-12-12T14:36:31","modified_gmt":"2022-12-12T14:36:31","slug":"politica-de-privacitat","status":"publish","type":"page","link":"https:\/\/sige-bs.com\/ca\/politica-de-privacitat\/","title":{"rendered":"POL\u00cdTICA DE PRIVACITAT"},"content":{"rendered":"\t\t<div data-elementor-type=\"wp-page\" data-elementor-id=\"3723\" class=\"elementor elementor-3723\" data-elementor-post-type=\"page\">\n\t\t\t\t\t\t<section class=\"elementor-section elementor-top-section elementor-element elementor-element-0f5ec02 elementor-section-boxed elementor-section-height-default elementor-section-height-default\" data-id=\"0f5ec02\" data-element_type=\"section\" data-e-type=\"section\">\n\t\t\t\t\t\t<div class=\"elementor-container elementor-column-gap-default\">\n\t\t\t\t\t<div class=\"elementor-column elementor-col-100 elementor-top-column elementor-element elementor-element-1ecf26a\" data-id=\"1ecf26a\" data-element_type=\"column\" data-e-type=\"column\">\n\t\t\t<div class=\"elementor-widget-wrap elementor-element-populated\">\n\t\t\t\t\t\t<div class=\"elementor-element elementor-element-fcb83b6 elementor-widget elementor-widget-heading\" data-id=\"fcb83b6\" data-element_type=\"widget\" data-e-type=\"widget\" data-widget_type=\"heading.default\">\n\t\t\t\t<div class=\"elementor-widget-container\">\n\t\t\t\t\t<h2 class=\"elementor-heading-title elementor-size-default\">POL\u00cdTICA DE PRIVACITAT<\/h2>\t\t\t\t<\/div>\n\t\t\t\t<\/div>\n\t\t\t\t\t<\/div>\n\t\t<\/div>\n\t\t\t\t\t<\/div>\n\t\t<\/section>\n\t\t\t\t<section class=\"elementor-section elementor-top-section elementor-element elementor-element-abc075e elementor-section-boxed elementor-section-height-default elementor-section-height-default\" data-id=\"abc075e\" data-element_type=\"section\" data-e-type=\"section\">\n\t\t\t\t\t\t<div class=\"elementor-container elementor-column-gap-default\">\n\t\t\t\t\t<div class=\"elementor-column elementor-col-100 elementor-top-column elementor-element elementor-element-4fd39f0\" data-id=\"4fd39f0\" data-element_type=\"column\" data-e-type=\"column\">\n\t\t\t<div class=\"elementor-widget-wrap elementor-element-populated\">\n\t\t\t\t\t\t<div class=\"elementor-element elementor-element-56c3123 elementor-widget elementor-widget-text-editor\" data-id=\"56c3123\" data-element_type=\"widget\" data-e-type=\"widget\" data-widget_type=\"text-editor.default\">\n\t\t\t\t<div class=\"elementor-widget-container\">\n\t\t\t\t\t\t\t\t\t<p>Aquesta pol\u00edtica de privadesa (d&#8217;ara endavant, &#8220;Pol\u00edtica de Privadesa&#8221;) t&#8217;informa sobre els tractaments de dades que es realitzen a SIGE per als usuaris (els &#8220;Usuaris&#8221;) que visiten el lloc web (d&#8217;ara endavant, la &#8220;Web&#8221; o el &#8220;Lloc web&#8221;). SIGE valora la teva confian\u00e7a com a Usuari i la teva privadesa, i per aquest motiu t&#8217;explica a continuaci\u00f3 com es tracten les teves dades. Si tens algun dubte o vols rebre m\u00e9s informaci\u00f3, pots escriure a SIGE a: <a href=\"mailto:sige@sige-bs.com\">sige@sige-bs.com<\/a><\/p><h1>1.\u00a0\u00a0\u00a0\u00a0\u00a0 QUI \u00c9S EL RESPONSABLE DEL TRACTAMENT DE LES TEVES DADES?<\/h1><p>El responsable del tractament \u00e9s qui decideix la finalitat per la que s\u2019usen les teves dades de car\u00e0cter personal, en aquet cas, SERVEIS INTEGRALS GESTIONS EXTERNES, S.L.P. (\u201cSIGE\u201d) amb NIF B63213052 i domicili social a C\/ Aribau, n.o 198, pis 1, 08036, Barcelona.<\/p><p>Pots contactar amb el Delegat de Protecci\u00f3 de Dades (\u201cDPO\u201d) de SIGE al seg\u00fcent correu: sige@sige-bs.com<\/p><h1>2.\u00a0\u00a0\u00a0\u00a0\u00a0 QUINES DADES ES TRACTEN A SIGE?<\/h1><p>Una dada personal (\u201cDada\u201d) \u00e9s tota la informaci\u00f3 sobre una persona f\u00edsica identificada o identificable (el \u201cInteressat\u201d o \u201cTitulat de les Dades\u201d). Les dades personals que SIGE tracta procedent de la informaci\u00f3 que com a Usuari ens facilitis al omplir els formularis que trobar\u00e0s a la Web, al navegar per la Web, al inscriure\u2019t en els nostres programes i\/o comprar a trav\u00e9s de la web i\/o enviar-nos les teves consultes o peticions d\u2019informaci\u00f3.<\/p><p>A cada formulari SIGE indica les dades de contacte que necessita obligat\u00f2riament per poder atendre la teva consulta o petici\u00f3 mitjan\u00e7ant un asterisc. Les dades que no siguin marcades com a obligat\u00f2ries a trav\u00e9s d&#8217;un asterisc seran de car\u00e0cter completament opcional. Nom\u00e9s es demanaven les dades necess\u00e0ries per a cada finalitat. Tingues en compte que, si no facilites la informaci\u00f3 obligat\u00f2ria, \u00e9s possible que SIGE no pugui atendre la teva consulta o petici\u00f3 o gestionar el tractament.<\/p><p>Tingues en compte que \u00e9s la teva responsabilitat facilitar Dades veraces i mantenir-les actualitzades, per la qual cosa SIGE es reserva el dret d&#8217;excloure dels serveis i\/o de cancel\u00b7lar-los, als Usuaris que facilitin Dades falses, incorrectes o sense la deguda autoritzaci\u00f3 de l&#8217;Interessat, sens perjudici del nostre dret a exercir totes les accions legals que corresponguin.<\/p><h1>3.\u00a0\u00a0\u00a0\u00a0\u00a0 AMB QUINA FINALITAT TRATA SIGE LES TEVES DADES?<\/h1><p>SIGE tractar\u00e0 les teves Dades per a les seg\u00fcents finalitats:<\/p><ol><li>Si contactes amb SIGE a trav\u00e9s dels canals habilitats sobre aix\u00f2, per correu electr\u00f2nic o qualsevol via que es posi a la teva disposici\u00f3, SIGE utilitzar\u00e0 les dades de contacte i els detalls que facilitis per atendre adequadament les teves consultes o sol\u00b7licituds, cosa que inclou la possibilitat de contactar-te a trav\u00e9s de diferents mitjans i la remissi\u00f3 de les mateixes als responsables corresponents perqu\u00e8 puguin donar-te resposta.<\/li><li><strong>NAVEGACI\u00d3 PER LA NOSTRA WEB<\/strong>. Mitjan\u00e7ant l&#8217;\u00fas de cookies i altres tecnologies, SIGE pot realitzar mesuraments i analitzar el tr\u00e0nsit de navegaci\u00f3, la usabilitat i la teva experi\u00e8ncia com a Usuari a la Web de forma estad\u00edstica. La instal\u00b7laci\u00f3 i \u00fas de les cookies dep\u00e8n de la configuraci\u00f3 que facis tant al banner de cookies com a trav\u00e9s del teu navegador.<\/li><\/ol><h1>4.\u00a0\u00a0\u00a0\u00a0\u00a0 QUINA \u00c9S LA LEGITIMACI\u00d3 PER AL TRACTAMENT DE LES TEVES DADES?<\/h1><p>La <strong>base legal<\/strong> per al <strong>contacte amb SIGE<\/strong>, \u00e9s el consentiment que has prestat a trav\u00e9s del registre als corresponents formularis. En alguns casos, el tractament de les teves dades quan et posis en contacte amb SIGE es podr\u00e0 emparar en l&#8217;execuci\u00f3 de mesures precontractuals si s\u00f3n necess\u00e0ries per atendre la consulta.<\/p><p>La <strong>base legal<\/strong> del tractament de les teves dades en relaci\u00f3 a <strong>la navegaci\u00f3 per la Web <\/strong>\u00e9s el consentiment, que prestes quan s&#8217;accepta la instal\u00b7laci\u00f3 de les galetes, i que pots revocar o configurar en qualsevol moment a trav\u00e9s del panell de configuraci\u00f3. Pots trobar m\u00e9s informaci\u00f3 sobre l&#8217;\u00fas de les galetes a la Pol\u00edtica de galetes de SIGE.<\/p><p>Recorda que pots revocar el teu consentiment en qualsevol moment. Tamb\u00e9 podr\u00e0s oposar-te a seguir rebent comunicacions comercials de la manera indicada al peu de p\u00e0gina de cada comunicaci\u00f3.<\/p><h1>5.\u00a0\u00a0\u00a0\u00a0\u00a0 PER QUANT DE TEMPS ES CONSERVEN LES TEVES DADES?<\/h1><p>Les teves dades es conservaran durant el termini necessari per a la finalitat per a la qual es van demanar, i concretament:<\/p><ol><li>En relaci\u00f3 amb les Dades que proporcionis a SIGE per realitzar consultes o posar-te en contacte amb SIGE, tractarem les dades mentre sigui necessari per respondre la teva consulta o sol\u00b7licitud i\/o permetre&#8217;t l&#8217;acc\u00e9s als serveis, aix\u00ed com, si escau, durant el temps necessari per poder atendre possibles reclamacions o consultes per part teva.<\/li><li>Pel que fa a les Dades de navegaci\u00f3 web, fins que revoquis el teu consentiment i com a m\u00e0xim durant el termini d&#8217;1 any. En tot cas, la informaci\u00f3 sobre el tr\u00e0nsit web s&#8217;esborra peri\u00f2dicament, de manera que SIGE nom\u00e9s conservar\u00e0 dades estad\u00edstiques d&#8217;\u00fas anonimitzades (sense identificaci\u00f3 d&#8217;Usuaris).<\/li><\/ol><p>Una vegada que les dades deixin de ser necess\u00e0ries per a la finalitat per a la qual es tracten, romandran bloquejats nom\u00e9s a efectes d&#8217;atendre qualsevol responsabilitat o obligacions que poguessin derivar-se del tractament d&#8217;aquests.<\/p><h1>6.\u00a0\u00a0\u00a0\u00a0\u00a0 A QUINS DESTINATARIS ES COMUNICAR\u00c0N LES TEVES DADES?<\/h1><p>Les teves dades podran ser comunicades a prove\u00efdors de serveis que ajuden SIGE a dur a terme la seva activitat, per exemple, eines inform\u00e0tiques, serveis de suport t\u00e8cnic, prove\u00efdors de pagament, serveis financers, etc.<\/p><p>Alguns dels prove\u00efdors esmentats poden disposar de centres de proc\u00e9s i\/o suport ubicats fora Espai Econ\u00f2mic Europeu (EEE). SIGE et garanteix que, quan les teves dades poguessin sortir de l&#8217;EEE, mantindran el mateix nivell de protecci\u00f3 segons el compliment de les disposicions previstes a la normativa europea de protecci\u00f3 de dades. En aquest sentit, les transfer\u00e8ncies internacionals de dades es realitzaran (i) a pa\u00efsos amb un nivell de protecci\u00f3 adequat declarat per la Comissi\u00f3 Europea (ii) d&#8217;acord amb l&#8217;aportaci\u00f3 de garanties adequades (cl\u00e0usules contractuals tipus o normes corporatives vinculants), o ( iii) en virtut de l&#8217;autoritzaci\u00f3 de l&#8217;autoritat de control competent o altres sup\u00f2sits previstos a la normativa.<\/p><p>Per rebre m\u00e9s informaci\u00f3 sobre les transfer\u00e8ncies internacionals de dades o obtenir confirmaci\u00f3 o c\u00f2pia de les garanties emprades, podeu posar-vos en contacte amb SIGE a l&#8217;adre\u00e7a sige@sige-bs.com<\/p><p>En els casos en qu\u00e8 sigui necessari per complir les obligacions legals de SIGE, les dades es poden comunicar a l&#8217;Administraci\u00f3 p\u00fablica i a les forces i els cossos de seguretat de l&#8217;Estat.<\/p><h1>7.\u00a0\u00a0\u00a0\u00a0\u00a0 ALTA I SEGUIMENT CONTES CORPORATIVES DE XARXES SOCIALS WEB<\/h1><p>En el cas dels perfils que SIGE mant\u00e9 a les diferents xarxes socials enlla\u00e7ades des del present Lloc Web, per exemple, a trav\u00e9s de plugins o aplicacions de tercers, les teves dades podran tractar-se sota altres pol\u00edtiques de privadesa dels titulars d&#8217;aquestes xarxes socials.<\/p><p>L&#8217;\u00fas dels connectors esmentats \u00e9s voluntari. En cas d&#8217;optar per utilitzar-los, estar\u00e0s autoritzant la comunicaci\u00f3 de les teves dades personals (adre\u00e7a IP, dades de navegaci\u00f3) a les referides xarxes socials i SIGE no ser\u00e0 responsable del tractament ulterior que puguin realitzar amb les teves dades. SIGE et recomana que visitis els termes i condicions d&#8217;\u00fas de les plataformes esmentades amb car\u00e0cter previ a la teva interacci\u00f3 en xarxes socials amb els perfils de SIGE en aquestes xarxes socials.<\/p><p>Els perfils a les xarxes socials enlla\u00e7ades des d&#8217;aquest Lloc Web han estat creats perqu\u00e8 coneguis millor la nostra activitat i oferir diferents canals de comunicaci\u00f3 adre\u00e7ats a les persones interessades a la nostra entitat i els serveis que oferim.<\/p><h1>8.\u00a0\u00a0\u00a0\u00a0\u00a0 MESURES DE SEGURETAT<\/h1><p>SIGE t\u00e9 una preocupaci\u00f3 especial per garantir la seguretat de les dades personals. Les teves dades s\u00f3n emmagatzemades als sistemes d&#8217;informaci\u00f3 de SIGE, on ha adoptat i implantat mesures de seguretat, t\u00e8cniques i organitzatives, per prevenir qualsevol p\u00e8rdua o \u00fas no autoritzat per tercers, per exemple, els portals web de SIGE utilitzen protocols de xifratge de dades Https.<\/p><h1>9.\u00a0\u00a0\u00a0\u00a0\u00a0 QUINS S\u00d3N ELS TEUS DRETS?<\/h1><p>Com a titular de les teves Dades, pots sol\u00b7licitar confirmaci\u00f3 sobre si les teves dades personals estan sent tractades i, en cas afirmatiu, accedir-hi. Tamb\u00e9, pots sol\u00b7licitar la rectificaci\u00f3 de les dades inexactes o, si escau, sol\u00b7licitar-ne la supressi\u00f3 quan, entre altres motius, les dades ja no siguin necess\u00e0ries per als fins per als quals es van recollir.<\/p><p>En determinades circumst\u00e0ncies, \u00e9s possible sol\u00b7licitar la limitaci\u00f3 del tractament de les teves dades, cas en qu\u00e8 \u00fanicament les conservarem per a l&#8217;exercici d&#8217;accions o la defensa de reclamacions.<\/p><p>Podeu revocar en qualsevol moment els consentiments prestats. Exercida la revocaci\u00f3, que no tindr\u00e0 car\u00e0cter retroactiu llevat de disposici\u00f3 legal que imposi aquest car\u00e0cter, les teves dades es poden conservar bloquejades durant els terminis de prescripci\u00f3 establerts per les normes aplicables.<\/p><p>Recorda que tamb\u00e9 podr\u00e0s oposar-te al tractament de les teves dades, particularment, respecte de les comunicacions comercials, cas en qu\u00e8 no tractarem les dades, excepte per motius leg\u00edtims imperiosos o per a l&#8217;exercici o la defensa de possibles reclamacions.<\/p><p>Per exercir els esmentats drets, escriu al nostre DPO, adjuntant c\u00f2pia de document acreditatiu de la teva identitat, a qualsevol de les adreces seg\u00fcents <a href=\"mailto:sige@sige-bs.com\">sige@sige-bs.com<\/a><\/p><p>Per ajudar-nos a tramitar la teva sol\u00b7licitud, et preguem que indiquis en l\u2019assumpte <em>\u201cProtecci\u00f3 de Dades\u201d<\/em>.<\/p><p>Aix\u00ed mateix, si tinguessis qualsevol dubte respecte a l&#8217;exercici dels teus drets, abans de dirigir-te a l&#8217;Autoritat de control, et recordem que, si vols, pots consultar-nos-ho directament escrivint al nostre DPO i intentarem ajudar-te de la millor manera possible.<\/p><p>Finalment, et recordem que tens dret a presentar una reclamaci\u00f3 davant de l&#8217;autoritat competent en mat\u00e8ria de protecci\u00f3 de dades (a Espanya, www.aepd.es) en cas que en tinguis coneixement o consideris que un fet pugui suposar un incompliment de la normativa aplicable en mat\u00e8ria de protecci\u00f3 de dades.<\/p>\t\t\t\t\t\t\t\t<\/div>\n\t\t\t\t<\/div>\n\t\t\t\t\t<\/div>\n\t\t<\/div>\n\t\t\t\t\t<\/div>\n\t\t<\/section>\n\t\t\t\t<\/div>\n\t\t","protected":false},"excerpt":{"rendered":"<p>POL\u00cdTICA DE PRIVACITAT Aquesta pol\u00edtica de privadesa (d&#8217;ara endavant, &#8220;Pol\u00edtica de Privadesa&#8221;) t&#8217;informa sobre els tractaments de dades que es realitzen a SIGE per als usuaris (els &#8220;Usuaris&#8221;) que visiten el lloc web (d&#8217;ara endavant, la &#8220;Web&#8221; o el &#8220;Lloc web&#8221;). SIGE valora la teva confian\u00e7a com a Usuari i la teva privadesa, i per [&hellip;]<\/p>\n","protected":false},"author":2,"featured_media":0,"parent":0,"menu_order":0,"comment_status":"closed","ping_status":"closed","template":"","meta":{"footnotes":""},"class_list":["post-3723","page","type-page","status-publish","hentry","entry"],"yoast_head":"<!-- This site is optimized with the Yoast SEO plugin v27.5 - https:\/\/yoast.com\/product\/yoast-seo-wordpress\/ -->\n<title>POL\u00cdTICA DE PRIVACITAT - SIGE<\/title>\n<meta name=\"robots\" content=\"index, follow, max-snippet:-1, max-image-preview:large, max-video-preview:-1\" \/>\n<link rel=\"canonical\" href=\"https:\/\/sige-bs.com\/politica-de-privacidad\/\" \/>\n<meta property=\"og:locale\" content=\"ca_ES\" \/>\n<meta property=\"og:type\" content=\"article\" \/>\n<meta property=\"og:title\" content=\"POL\u00cdTICA DE PRIVACITAT - SIGE\" \/>\n<meta property=\"og:description\" content=\"POL\u00cdTICA DE PRIVACITAT Aquesta pol\u00edtica de privadesa (d&#8217;ara endavant, &#8220;Pol\u00edtica de Privadesa&#8221;) t&#8217;informa sobre els tractaments de dades que es realitzen a SIGE per als usuaris (els &#8220;Usuaris&#8221;) que visiten el lloc web (d&#8217;ara endavant, la &#8220;Web&#8221; o el &#8220;Lloc web&#8221;). SIGE valora la teva confian\u00e7a com a Usuari i la teva privadesa, i per [&hellip;]\" \/>\n<meta property=\"og:url\" content=\"https:\/\/sige-bs.com\/politica-de-privacidad\/\" \/>\n<meta property=\"og:site_name\" content=\"SIGE\" \/>\n<meta property=\"article:modified_time\" content=\"2022-12-12T14:36:31+00:00\" \/>\n<meta name=\"twitter:card\" content=\"summary_large_image\" \/>\n<meta name=\"twitter:label1\" content=\"Temps estimat de lectura\" \/>\n\t<meta name=\"twitter:data1\" content=\"8 minuts\" \/>\n<script type=\"application\/ld+json\" class=\"yoast-schema-graph\">{\"@context\":\"https:\\\/\\\/schema.org\",\"@graph\":[{\"@type\":\"WebPage\",\"@id\":\"https:\\\/\\\/sige-bs.com\\\/politica-de-privacidad\\\/\",\"url\":\"https:\\\/\\\/sige-bs.com\\\/politica-de-privacidad\\\/\",\"name\":\"POL\u00cdTICA DE PRIVACITAT - SIGE\",\"isPartOf\":{\"@id\":\"https:\\\/\\\/sige-bs.com\\\/#website\"},\"datePublished\":\"2022-11-29T17:54:12+00:00\",\"dateModified\":\"2022-12-12T14:36:31+00:00\",\"breadcrumb\":{\"@id\":\"https:\\\/\\\/sige-bs.com\\\/politica-de-privacidad\\\/#breadcrumb\"},\"inLanguage\":\"ca\",\"potentialAction\":[{\"@type\":\"ReadAction\",\"target\":[\"https:\\\/\\\/sige-bs.com\\\/politica-de-privacidad\\\/\"]}]},{\"@type\":\"BreadcrumbList\",\"@id\":\"https:\\\/\\\/sige-bs.com\\\/politica-de-privacidad\\\/#breadcrumb\",\"itemListElement\":[{\"@type\":\"ListItem\",\"position\":1,\"name\":\"Portada\",\"item\":\"https:\\\/\\\/sige-bs.com\\\/fr\\\/\"},{\"@type\":\"ListItem\",\"position\":2,\"name\":\"POL\u00cdTICA DE PRIVACITAT\"}]},{\"@type\":\"WebSite\",\"@id\":\"https:\\\/\\\/sige-bs.com\\\/#website\",\"url\":\"https:\\\/\\\/sige-bs.com\\\/\",\"name\":\"SIGE\",\"description\":\"\",\"publisher\":{\"@id\":\"https:\\\/\\\/sige-bs.com\\\/#organization\"},\"potentialAction\":[{\"@type\":\"SearchAction\",\"target\":{\"@type\":\"EntryPoint\",\"urlTemplate\":\"https:\\\/\\\/sige-bs.com\\\/?s={search_term_string}\"},\"query-input\":{\"@type\":\"PropertyValueSpecification\",\"valueRequired\":true,\"valueName\":\"search_term_string\"}}],\"inLanguage\":\"ca\"},{\"@type\":\"Organization\",\"@id\":\"https:\\\/\\\/sige-bs.com\\\/#organization\",\"name\":\"SIGE\",\"url\":\"https:\\\/\\\/sige-bs.com\\\/\",\"logo\":{\"@type\":\"ImageObject\",\"inLanguage\":\"ca\",\"@id\":\"https:\\\/\\\/sige-bs.com\\\/#\\\/schema\\\/logo\\\/image\\\/\",\"url\":\"https:\\\/\\\/sige-bs.com\\\/wp-content\\\/uploads\\\/2022\\\/11\\\/Captura_de_pantalla__365_-removebg-preview-e1667848132214.png\",\"contentUrl\":\"https:\\\/\\\/sige-bs.com\\\/wp-content\\\/uploads\\\/2022\\\/11\\\/Captura_de_pantalla__365_-removebg-preview-e1667848132214.png\",\"width\":100,\"height\":82,\"caption\":\"SIGE\"},\"image\":{\"@id\":\"https:\\\/\\\/sige-bs.com\\\/#\\\/schema\\\/logo\\\/image\\\/\"}}]}<\/script>\n<!-- \/ Yoast SEO plugin. -->","yoast_head_json":{"title":"POL\u00cdTICA DE PRIVACITAT - SIGE","robots":{"index":"index","follow":"follow","max-snippet":"max-snippet:-1","max-image-preview":"max-image-preview:large","max-video-preview":"max-video-preview:-1"},"canonical":"https:\/\/sige-bs.com\/politica-de-privacidad\/","og_locale":"ca_ES","og_type":"article","og_title":"POL\u00cdTICA DE PRIVACITAT - SIGE","og_description":"POL\u00cdTICA DE PRIVACITAT Aquesta pol\u00edtica de privadesa (d&#8217;ara endavant, &#8220;Pol\u00edtica de Privadesa&#8221;) t&#8217;informa sobre els tractaments de dades que es realitzen a SIGE per als usuaris (els &#8220;Usuaris&#8221;) que visiten el lloc web (d&#8217;ara endavant, la &#8220;Web&#8221; o el &#8220;Lloc web&#8221;). SIGE valora la teva confian\u00e7a com a Usuari i la teva privadesa, i per [&hellip;]","og_url":"https:\/\/sige-bs.com\/politica-de-privacidad\/","og_site_name":"SIGE","article_modified_time":"2022-12-12T14:36:31+00:00","twitter_card":"summary_large_image","twitter_misc":{"Temps estimat de lectura":"8 minuts"},"schema":{"@context":"https:\/\/schema.org","@graph":[{"@type":"WebPage","@id":"https:\/\/sige-bs.com\/politica-de-privacidad\/","url":"https:\/\/sige-bs.com\/politica-de-privacidad\/","name":"POL\u00cdTICA DE PRIVACITAT - SIGE","isPartOf":{"@id":"https:\/\/sige-bs.com\/#website"},"datePublished":"2022-11-29T17:54:12+00:00","dateModified":"2022-12-12T14:36:31+00:00","breadcrumb":{"@id":"https:\/\/sige-bs.com\/politica-de-privacidad\/#breadcrumb"},"inLanguage":"ca","potentialAction":[{"@type":"ReadAction","target":["https:\/\/sige-bs.com\/politica-de-privacidad\/"]}]},{"@type":"BreadcrumbList","@id":"https:\/\/sige-bs.com\/politica-de-privacidad\/#breadcrumb","itemListElement":[{"@type":"ListItem","position":1,"name":"Portada","item":"https:\/\/sige-bs.com\/fr\/"},{"@type":"ListItem","position":2,"name":"POL\u00cdTICA DE PRIVACITAT"}]},{"@type":"WebSite","@id":"https:\/\/sige-bs.com\/#website","url":"https:\/\/sige-bs.com\/","name":"SIGE","description":"","publisher":{"@id":"https:\/\/sige-bs.com\/#organization"},"potentialAction":[{"@type":"SearchAction","target":{"@type":"EntryPoint","urlTemplate":"https:\/\/sige-bs.com\/?s={search_term_string}"},"query-input":{"@type":"PropertyValueSpecification","valueRequired":true,"valueName":"search_term_string"}}],"inLanguage":"ca"},{"@type":"Organization","@id":"https:\/\/sige-bs.com\/#organization","name":"SIGE","url":"https:\/\/sige-bs.com\/","logo":{"@type":"ImageObject","inLanguage":"ca","@id":"https:\/\/sige-bs.com\/#\/schema\/logo\/image\/","url":"https:\/\/sige-bs.com\/wp-content\/uploads\/2022\/11\/Captura_de_pantalla__365_-removebg-preview-e1667848132214.png","contentUrl":"https:\/\/sige-bs.com\/wp-content\/uploads\/2022\/11\/Captura_de_pantalla__365_-removebg-preview-e1667848132214.png","width":100,"height":82,"caption":"SIGE"},"image":{"@id":"https:\/\/sige-bs.com\/#\/schema\/logo\/image\/"}}]}},"_links":{"self":[{"href":"https:\/\/sige-bs.com\/ca\/wp-json\/wp\/v2\/pages\/3723","targetHints":{"allow":["GET"]}}],"collection":[{"href":"https:\/\/sige-bs.com\/ca\/wp-json\/wp\/v2\/pages"}],"about":[{"href":"https:\/\/sige-bs.com\/ca\/wp-json\/wp\/v2\/types\/page"}],"author":[{"embeddable":true,"href":"https:\/\/sige-bs.com\/ca\/wp-json\/wp\/v2\/users\/2"}],"replies":[{"embeddable":true,"href":"https:\/\/sige-bs.com\/ca\/wp-json\/wp\/v2\/comments?post=3723"}],"version-history":[{"count":12,"href":"https:\/\/sige-bs.com\/ca\/wp-json\/wp\/v2\/pages\/3723\/revisions"}],"predecessor-version":[{"id":3758,"href":"https:\/\/sige-bs.com\/ca\/wp-json\/wp\/v2\/pages\/3723\/revisions\/3758"}],"wp:attachment":[{"href":"https:\/\/sige-bs.com\/ca\/wp-json\/wp\/v2\/media?parent=3723"}],"curies":[{"name":"wp","href":"https:\/\/api.w.org\/{rel}","templated":true}]}}